{"id":4907,"date":"2025-05-01T04:16:04","date_gmt":"2025-05-01T04:16:04","guid":{"rendered":"https:\/\/edilenio.tieduca.com\/stage_edilenio\/?page_id=4907"},"modified":"2025-05-02T19:23:28","modified_gmt":"2025-05-02T19:23:28","slug":"escola-virtual","status":"publish","type":"page","link":"https:\/\/edilenio.tieduca.com\/stage_edilenio\/escola-virtual\/","title":{"rendered":"Edil\u00eanio Virtual"},"content":{"rendered":"\n<div class=\"wp-block-columns is-layout-flex wp-container-core-columns-is-layout-9d6595d7 wp-block-columns-is-layout-flex\">\n<div class=\"wp-block-column is-layout-flow wp-block-column-is-layout-flow\" style=\"flex-basis:33.33%\">\n<div class=\"wp-block-columns is-layout-flex wp-container-core-columns-is-layout-9d6595d7 wp-block-columns-is-layout-flex\">\n<div class=\"wp-block-column is-layout-flow wp-block-column-is-layout-flow\">\n<p class=\"has-medium-font-size\">A <strong>Secretaria Virtual <\/strong>da Escola Edil\u00eanio \u00e9 uma plataforma online que centraliza e facilita o acesso a servi\u00e7os administrativos e pedag\u00f3gicos. Por meio dela, pais, alunos e professores podem realizar consultas de boletins, matr\u00edculas, documentos, hor\u00e1rios e comunicados escolares de forma r\u00e1pida e segura. Essa ferramenta promove agilidade, transpar\u00eancia e organiza\u00e7\u00e3o na gest\u00e3o escolar, al\u00e9m de fortalecer a comunica\u00e7\u00e3o entre a escola e a comunidade.<\/p>\n<\/div>\n\n\n\n<div class=\"wp-block-column is-layout-flow wp-block-column-is-layout-flow\"><\/div>\n<\/div>\n<\/div>\n\n\n\n<div class=\"wp-block-column is-layout-flow wp-block-column-is-layout-flow\" style=\"flex-basis:66.66%\"><\/div>\n<\/div>\n\n\n\n<p><\/p>\n","protected":false},"excerpt":{"rendered":"<p>A Secretaria Virtual da Escola Edil\u00eanio \u00e9 uma plataforma online que centraliza e facilita o acesso a servi\u00e7os administrativos e pedag\u00f3gicos. Por meio dela, pais, alunos e professores podem realizar consultas de boletins, matr\u00edculas, documentos, hor\u00e1rios e comunicados escolares de forma r\u00e1pida e segura. Essa ferramenta promove agilidade, transpar\u00eancia e organiza\u00e7\u00e3o na gest\u00e3o escolar, al\u00e9m&#8230;<\/p>\n","protected":false},"author":1,"featured_media":0,"parent":0,"menu_order":0,"comment_status":"closed","ping_status":"closed","template":"","meta":{"_kad_post_transparent":"","_kad_post_title":"","_kad_post_layout":"","_kad_post_sidebar_id":"","_kad_post_content_style":"","_kad_post_vertical_padding":"","_kad_post_feature":"","_kad_post_feature_position":"","_kad_post_header":false,"_kad_post_footer":false,"_kad_post_classname":"","footnotes":""},"class_list":["post-4907","page","type-page","status-publish","hentry"],"_links":{"self":[{"href":"https:\/\/edilenio.tieduca.com\/stage_edilenio\/wp-json\/wp\/v2\/pages\/4907","targetHints":{"allow":["GET"]}}],"collection":[{"href":"https:\/\/edilenio.tieduca.com\/stage_edilenio\/wp-json\/wp\/v2\/pages"}],"about":[{"href":"https:\/\/edilenio.tieduca.com\/stage_edilenio\/wp-json\/wp\/v2\/types\/page"}],"author":[{"embeddable":true,"href":"https:\/\/edilenio.tieduca.com\/stage_edilenio\/wp-json\/wp\/v2\/users\/1"}],"replies":[{"embeddable":true,"href":"https:\/\/edilenio.tieduca.com\/stage_edilenio\/wp-json\/wp\/v2\/comments?post=4907"}],"version-history":[{"count":4,"href":"https:\/\/edilenio.tieduca.com\/stage_edilenio\/wp-json\/wp\/v2\/pages\/4907\/revisions"}],"predecessor-version":[{"id":4944,"href":"https:\/\/edilenio.tieduca.com\/stage_edilenio\/wp-json\/wp\/v2\/pages\/4907\/revisions\/4944"}],"wp:attachment":[{"href":"https:\/\/edilenio.tieduca.com\/stage_edilenio\/wp-json\/wp\/v2\/media?parent=4907"}],"curies":[{"name":"wp","href":"https:\/\/api.w.org\/{rel}","templated":true}]}}