{"id":2896,"date":"2025-02-19T22:19:03","date_gmt":"2025-02-19T22:19:03","guid":{"rendered":"https:\/\/edilenio.tieduca.com\/stage_edilenio\/?page_id=2896"},"modified":"2025-05-04T05:33:25","modified_gmt":"2025-05-04T05:33:25","slug":"pre-2","status":"publish","type":"page","link":"https:\/\/edilenio.tieduca.com\/stage_edilenio\/pre-2\/","title":{"rendered":"Pr\u00e9 2"},"content":{"rendered":"\t\t<div data-elementor-type=\"wp-page\" data-elementor-id=\"2896\" class=\"elementor elementor-2896\" data-elementor-post-type=\"page\">\n\t\t\t\t<div class=\"elementor-element elementor-element-7968606 e-con-full Fundo e-transform e-flex e-con e-parent\" data-id=\"7968606\" data-element_type=\"container\" data-e-type=\"container\" data-settings=\"{&quot;background_background&quot;:&quot;gradient&quot;,&quot;shape_divider_bottom&quot;:&quot;mountains&quot;,&quot;_transform_translateX_effect&quot;:{&quot;unit&quot;:&quot;px&quot;,&quot;size&quot;:&quot;&quot;,&quot;sizes&quot;:[]},&quot;_transform_translateX_effect_tablet&quot;:{&quot;unit&quot;:&quot;px&quot;,&quot;size&quot;:&quot;&quot;,&quot;sizes&quot;:[]},&quot;_transform_translateX_effect_mobile&quot;:{&quot;unit&quot;:&quot;px&quot;,&quot;size&quot;:&quot;&quot;,&quot;sizes&quot;:[]},&quot;_transform_translateY_effect&quot;:{&quot;unit&quot;:&quot;px&quot;,&quot;size&quot;:&quot;&quot;,&quot;sizes&quot;:[]},&quot;_transform_translateY_effect_tablet&quot;:{&quot;unit&quot;:&quot;px&quot;,&quot;size&quot;:&quot;&quot;,&quot;sizes&quot;:[]},&quot;_transform_translateY_effect_mobile&quot;:{&quot;unit&quot;:&quot;px&quot;,&quot;size&quot;:&quot;&quot;,&quot;sizes&quot;:[]}}\">\n\t\t\t\t<div class=\"elementor-shape elementor-shape-bottom\" aria-hidden=\"true\" data-negative=\"false\">\n\t\t\t<svg xmlns=\"http:\/\/www.w3.org\/2000\/svg\" viewBox=\"0 0 1000 100\" preserveAspectRatio=\"none\">\n\t<path class=\"elementor-shape-fill\" opacity=\"0.33\" d=\"M473,67.3c-203.9,88.3-263.1-34-320.3,0C66,119.1,0,59.7,0,59.7V0h1000v59.7 c0,0-62.1,26.1-94.9,29.3c-32.8,3.3-62.8-12.3-75.8-22.1C806,49.6,745.3,8.7,694.9,4.7S492.4,59,473,67.3z\"\/>\n\t<path class=\"elementor-shape-fill\" opacity=\"0.66\" d=\"M734,67.3c-45.5,0-77.2-23.2-129.1-39.1c-28.6-8.7-150.3-10.1-254,39.1 s-91.7-34.4-149.2,0C115.7,118.3,0,39.8,0,39.8V0h1000v36.5c0,0-28.2-18.5-92.1-18.5C810.2,18.1,775.7,67.3,734,67.3z\"\/>\n\t<path class=\"elementor-shape-fill\" d=\"M766.1,28.9c-200-57.5-266,65.5-395.1,19.5C242,1.8,242,5.4,184.8,20.6C128,35.8,132.3,44.9,89.9,52.5C28.6,63.7,0,0,0,0 h1000c0,0-9.9,40.9-83.6,48.1S829.6,47,766.1,28.9z\"\/>\n<\/svg>\t\t<\/div>\n\t\t<div class=\"elementor-element elementor-element-e6b9761 e-con-full e-flex e-con e-child\" data-id=\"e6b9761\" data-element_type=\"container\" data-e-type=\"container\">\n\t\t\t\t<div class=\"elementor-element elementor-element-260aaf7 e-transform elementor-headline--style-highlight elementor-widget elementor-widget-animated-headline\" data-id=\"260aaf7\" data-element_type=\"widget\" data-e-type=\"widget\" data-settings=\"{&quot;marker&quot;:&quot;underline_zigzag&quot;,&quot;highlighted_text&quot;:&quot;PR\\u00c9 II&quot;,&quot;_transform_translateY_effect&quot;:{&quot;unit&quot;:&quot;px&quot;,&quot;size&quot;:20,&quot;sizes&quot;:[]},&quot;headline_style&quot;:&quot;highlight&quot;,&quot;loop&quot;:&quot;yes&quot;,&quot;highlight_animation_duration&quot;:1200,&quot;highlight_iteration_delay&quot;:8000,&quot;_transform_translateX_effect&quot;:{&quot;unit&quot;:&quot;px&quot;,&quot;size&quot;:&quot;&quot;,&quot;sizes&quot;:[]},&quot;_transform_translateX_effect_tablet&quot;:{&quot;unit&quot;:&quot;px&quot;,&quot;size&quot;:&quot;&quot;,&quot;sizes&quot;:[]},&quot;_transform_translateX_effect_mobile&quot;:{&quot;unit&quot;:&quot;px&quot;,&quot;size&quot;:&quot;&quot;,&quot;sizes&quot;:[]},&quot;_transform_translateY_effect_tablet&quot;:{&quot;unit&quot;:&quot;px&quot;,&quot;size&quot;:&quot;&quot;,&quot;sizes&quot;:[]},&quot;_transform_translateY_effect_mobile&quot;:{&quot;unit&quot;:&quot;px&quot;,&quot;size&quot;:&quot;&quot;,&quot;sizes&quot;:[]}}\" data-widget_type=\"animated-headline.default\">\n\t\t\t\t<div class=\"elementor-widget-container\">\n\t\t\t\t\t\t\t<h3 class=\"elementor-headline\">\n\t\t\t\t\t<span class=\"elementor-headline-plain-text elementor-headline-text-wrapper\">BEM VINDO AO<\/span>\n\t\t\t\t<span class=\"elementor-headline-dynamic-wrapper elementor-headline-text-wrapper\">\n\t\t\t\t\t<span class=\"elementor-headline-dynamic-text elementor-headline-text-active\">PR\u00c9 II<\/span>\n\t\t\t\t<\/span>\n\t\t\t\t<\/h3>\n\t\t\t\t\t\t<\/div>\n\t\t\t\t<\/div>\n\t\t\t\t<\/div>\n\t\t\t\t<\/div>\n\t\t<div class=\"elementor-element elementor-element-d6402c6 e-flex e-con-boxed e-con e-parent\" data-id=\"d6402c6\" data-element_type=\"container\" data-e-type=\"container\" data-settings=\"{&quot;background_background&quot;:&quot;gradient&quot;,&quot;shape_divider_top&quot;:&quot;mountains&quot;}\">\n\t\t\t\t\t<div class=\"e-con-inner\">\n\t\t\t\t<div class=\"elementor-shape elementor-shape-top\" aria-hidden=\"true\" data-negative=\"false\">\n\t\t\t<svg xmlns=\"http:\/\/www.w3.org\/2000\/svg\" viewBox=\"0 0 1000 100\" preserveAspectRatio=\"none\">\n\t<path class=\"elementor-shape-fill\" opacity=\"0.33\" d=\"M473,67.3c-203.9,88.3-263.1-34-320.3,0C66,119.1,0,59.7,0,59.7V0h1000v59.7 c0,0-62.1,26.1-94.9,29.3c-32.8,3.3-62.8-12.3-75.8-22.1C806,49.6,745.3,8.7,694.9,4.7S492.4,59,473,67.3z\"\/>\n\t<path class=\"elementor-shape-fill\" opacity=\"0.66\" d=\"M734,67.3c-45.5,0-77.2-23.2-129.1-39.1c-28.6-8.7-150.3-10.1-254,39.1 s-91.7-34.4-149.2,0C115.7,118.3,0,39.8,0,39.8V0h1000v36.5c0,0-28.2-18.5-92.1-18.5C810.2,18.1,775.7,67.3,734,67.3z\"\/>\n\t<path class=\"elementor-shape-fill\" d=\"M766.1,28.9c-200-57.5-266,65.5-395.1,19.5C242,1.8,242,5.4,184.8,20.6C128,35.8,132.3,44.9,89.9,52.5C28.6,63.7,0,0,0,0 h1000c0,0-9.9,40.9-83.6,48.1S829.6,47,766.1,28.9z\"\/>\n<\/svg>\t\t<\/div>\n\t\t<div class=\"elementor-element elementor-element-4f2a35f e-con-full e-flex e-con e-child\" data-id=\"4f2a35f\" data-element_type=\"container\" data-e-type=\"container\">\n\t\t\t\t<\/div>\n\t\t\t\t\t<\/div>\n\t\t\t\t<\/div>\n\t\t\t\t<section class=\"elementor-section elementor-top-section elementor-element elementor-element-1536555c0 elementor-section-boxed elementor-section-height-default elementor-section-height-default\" data-id=\"1536555c0\" data-element_type=\"section\" data-e-type=\"section\">\n\t\t\t\t\t\t\t<div class=\"elementor-background-overlay\"><\/div>\n\t\t\t\t\t\t\t<div class=\"elementor-container elementor-column-gap-default\">\n\t\t\t\t\t<div class=\"elementor-column elementor-col-100 elementor-top-column elementor-element elementor-element-c0d8bc4\" data-id=\"c0d8bc4\" data-element_type=\"column\" data-e-type=\"column\">\n\t\t\t<div class=\"elementor-widget-wrap\">\n\t\t\t\t\t\t\t<\/div>\n\t\t<\/div>\n\t\t\t\t\t<\/div>\n\t\t<\/section>\n\t\t<div class=\"elementor-element elementor-element-3421652 e-flex e-con-boxed e-con e-parent\" data-id=\"3421652\" data-element_type=\"container\" data-e-type=\"container\" data-settings=\"{&quot;background_background&quot;:&quot;classic&quot;}\">\n\t\t\t\t\t<div class=\"e-con-inner\">\n\t\t<div class=\"elementor-element elementor-element-292ae96 e-grid e-con-full e-transform e-con e-child\" data-id=\"292ae96\" data-element_type=\"container\" data-e-type=\"container\" data-settings=\"{&quot;_transform_scale_effect&quot;:{&quot;unit&quot;:&quot;px&quot;,&quot;size&quot;:1.2,&quot;sizes&quot;:[]},&quot;_transform_scale_effect_tablet&quot;:{&quot;unit&quot;:&quot;px&quot;,&quot;size&quot;:&quot;&quot;,&quot;sizes&quot;:[]},&quot;_transform_scale_effect_mobile&quot;:{&quot;unit&quot;:&quot;px&quot;,&quot;size&quot;:&quot;&quot;,&quot;sizes&quot;:[]}}\">\n\t\t\t\t<div class=\"elementor-element elementor-element-c82e158 e-transform e-transform elementor-invisible elementor-widget elementor-widget-image\" data-id=\"c82e158\" data-element_type=\"widget\" data-e-type=\"widget\" data-settings=\"{&quot;_animation&quot;:&quot;fadeIn&quot;,&quot;_transform_translateX_effect&quot;:{&quot;unit&quot;:&quot;px&quot;,&quot;size&quot;:0,&quot;sizes&quot;:[]},&quot;_transform_scale_effect&quot;:{&quot;unit&quot;:&quot;px&quot;,&quot;size&quot;:0.8,&quot;sizes&quot;:[]},&quot;_transform_translateX_effect_tablet&quot;:{&quot;unit&quot;:&quot;px&quot;,&quot;size&quot;:&quot;&quot;,&quot;sizes&quot;:[]},&quot;_transform_translateX_effect_mobile&quot;:{&quot;unit&quot;:&quot;px&quot;,&quot;size&quot;:&quot;&quot;,&quot;sizes&quot;:[]},&quot;_transform_translateY_effect&quot;:{&quot;unit&quot;:&quot;px&quot;,&quot;size&quot;:&quot;&quot;,&quot;sizes&quot;:[]},&quot;_transform_translateY_effect_tablet&quot;:{&quot;unit&quot;:&quot;px&quot;,&quot;size&quot;:&quot;&quot;,&quot;sizes&quot;:[]},&quot;_transform_translateY_effect_mobile&quot;:{&quot;unit&quot;:&quot;px&quot;,&quot;size&quot;:&quot;&quot;,&quot;sizes&quot;:[]},&quot;_transform_scale_effect_tablet&quot;:{&quot;unit&quot;:&quot;px&quot;,&quot;size&quot;:&quot;&quot;,&quot;sizes&quot;:[]},&quot;_transform_scale_effect_mobile&quot;:{&quot;unit&quot;:&quot;px&quot;,&quot;size&quot;:&quot;&quot;,&quot;sizes&quot;:[]}}\" data-widget_type=\"image.default\">\n\t\t\t\t<div class=\"elementor-widget-container\">\n\t\t\t\t\t\t\t\t\t\t\t\t\t\t\t<img fetchpriority=\"high\" decoding=\"async\" width=\"1024\" height=\"1024\" src=\"https:\/\/edilenio.tieduca.com\/stage_edilenio\/wp-content\/uploads\/2025\/05\/pre-2.jpeg\" class=\"attachment-large size-large wp-image-5004\" alt=\"\" srcset=\"https:\/\/edilenio.tieduca.com\/stage_edilenio\/wp-content\/uploads\/2025\/05\/pre-2.jpeg 1024w, https:\/\/edilenio.tieduca.com\/stage_edilenio\/wp-content\/uploads\/2025\/05\/pre-2-300x300.jpeg 300w, https:\/\/edilenio.tieduca.com\/stage_edilenio\/wp-content\/uploads\/2025\/05\/pre-2-150x150.jpeg 150w, https:\/\/edilenio.tieduca.com\/stage_edilenio\/wp-content\/uploads\/2025\/05\/pre-2-768x768.jpeg 768w\" sizes=\"(max-width: 1024px) 100vw, 1024px\" \/>\t\t\t\t\t\t\t\t\t\t\t\t\t\t\t<\/div>\n\t\t\t\t<\/div>\n\t\t\t\t<div class=\"elementor-element elementor-element-ba65928 e-transform elementor-widget elementor-widget-text-editor\" data-id=\"ba65928\" data-element_type=\"widget\" data-e-type=\"widget\" data-settings=\"{&quot;_transform_scale_effect&quot;:{&quot;unit&quot;:&quot;px&quot;,&quot;size&quot;:0.8,&quot;sizes&quot;:[]},&quot;_transform_scale_effect_tablet&quot;:{&quot;unit&quot;:&quot;px&quot;,&quot;size&quot;:&quot;&quot;,&quot;sizes&quot;:[]},&quot;_transform_scale_effect_mobile&quot;:{&quot;unit&quot;:&quot;px&quot;,&quot;size&quot;:&quot;&quot;,&quot;sizes&quot;:[]}}\" data-widget_type=\"text-editor.default\">\n\t\t\t\t<div class=\"elementor-widget-container\">\n\t\t\t\t\t\t\t\t\t<h4><strong>Professor Regente: Cristiane<br \/><br \/><br \/><\/strong><\/h4>\n<p>No Pr\u00e9 1, proporcionamos um ambiente acolhedor e estimulante, onde as crian\u00e7as come\u00e7am a explorar o mundo de maneira divertida e significativa. Atrav\u00e9s de brincadeiras, m\u00fasicas e jogos, desenvolvem habilidades de linguagem, matem\u00e1tica, motricidade e socializa\u00e7\u00e3o, sempre com muita alegria e respeito.\u00a0<\/p>\n<p><!-- \/wp:paragraph --><!-- wp:paragraph --><\/p>\t\t\t\t\t\t\t\t<\/div>\n\t\t\t\t<\/div>\n\t\t\t\t<\/div>\n\t\t\t\t\t<\/div>\n\t\t\t\t<\/div>\n\t\t<div class=\"elementor-element elementor-element-319d0c4 e-flex e-con-boxed e-con e-parent\" data-id=\"319d0c4\" data-element_type=\"container\" data-e-type=\"container\">\n\t\t\t\t\t<div class=\"e-con-inner\">\n\t\t<div class=\"elementor-element elementor-element-993c92b e-con-full e-flex e-con e-child\" data-id=\"993c92b\" data-element_type=\"container\" data-e-type=\"container\">\n\t\t\t\t<\/div>\n\t\t\t\t\t<\/div>\n\t\t\t\t<\/div>\n\t\t<div class=\"elementor-element elementor-element-77b64f5 e-flex e-con-boxed e-con e-parent\" data-id=\"77b64f5\" data-element_type=\"container\" data-e-type=\"container\" data-settings=\"{&quot;background_background&quot;:&quot;classic&quot;}\">\n\t\t\t\t\t<div class=\"e-con-inner\">\n\t\t\t\t<div class=\"elementor-element elementor-element-b61302e elementor-headline--style-rotate elementor-widget elementor-widget-animated-headline\" data-id=\"b61302e\" data-element_type=\"widget\" data-e-type=\"widget\" data-settings=\"{&quot;headline_style&quot;:&quot;rotate&quot;,&quot;animation_type&quot;:&quot;blinds&quot;,&quot;rotating_text&quot;:&quot;ESTE \\u00c9 O\\nNOSSO MURAL!&quot;,&quot;loop&quot;:&quot;yes&quot;,&quot;rotate_iteration_delay&quot;:2500}\" data-widget_type=\"animated-headline.default\">\n\t\t\t\t<div class=\"elementor-widget-container\">\n\t\t\t\t\t\t\t<h3 class=\"elementor-headline elementor-headline-animation-type-blinds elementor-headline-letters\">\n\t\t\t\t<span class=\"elementor-headline-dynamic-wrapper elementor-headline-text-wrapper\">\n\t\t\t\t\t<span class=\"elementor-headline-dynamic-text elementor-headline-text-active\">\n\t\t\t\tESTE&nbsp;\u00c9&nbsp;O\t\t\t<\/span>\n\t\t\t\t\t<span class=\"elementor-headline-dynamic-text\">\n\t\t\t\tNOSSO&nbsp;MURAL!\t\t\t<\/span>\n\t\t\t\t\t\t<\/span>\n\t\t\t\t<\/h3>\n\t\t\t\t\t\t<\/div>\n\t\t\t\t<\/div>\n\t\t\t\t\t<\/div>\n\t\t\t\t<\/div>\n\t\t<div class=\"elementor-element elementor-element-1e26e39 e-flex e-con-boxed e-con e-parent\" data-id=\"1e26e39\" data-element_type=\"container\" data-e-type=\"container\" data-settings=\"{&quot;background_background&quot;:&quot;classic&quot;}\">\n\t\t\t\t\t<div class=\"e-con-inner\">\n\t\t<div class=\"elementor-element elementor-element-7a6ea09 e-con-full e-flex e-con e-child\" data-id=\"7a6ea09\" data-element_type=\"container\" data-e-type=\"container\">\n\t\t\t\t<div class=\"elementor-element elementor-element-c0be416 elementor-widget elementor-widget-heading\" data-id=\"c0be416\" data-element_type=\"widget\" data-e-type=\"widget\" data-widget_type=\"heading.default\">\n\t\t\t\t<div class=\"elementor-widget-container\">\n\t\t\t\t\t<h4 class=\"elementor-heading-title elementor-size-default\">PUBLICA\u00c7\u00d5ES MAIS RECENTES<\/h4>\t\t\t\t<\/div>\n\t\t\t\t<\/div>\n\t\t\t\t<div class=\"elementor-element elementor-element-9005090 elementor-grid-1 elementor-grid-tablet-2 elementor-grid-mobile-1 elementor-widget elementor-widget-loop-grid\" data-id=\"9005090\" data-element_type=\"widget\" data-e-type=\"widget\" data-settings=\"{&quot;template_id&quot;:&quot;3214&quot;,&quot;columns&quot;:1,&quot;pagination_type&quot;:&quot;numbers&quot;,&quot;row_gap&quot;:{&quot;unit&quot;:&quot;px&quot;,&quot;size&quot;:100,&quot;sizes&quot;:[]},&quot;_skin&quot;:&quot;post&quot;,&quot;columns_tablet&quot;:&quot;2&quot;,&quot;columns_mobile&quot;:&quot;1&quot;,&quot;edit_handle_selector&quot;:&quot;[data-elementor-type=\\&quot;loop-item\\&quot;]&quot;,&quot;pagination_load_type&quot;:&quot;page_reload&quot;,&quot;row_gap_tablet&quot;:{&quot;unit&quot;:&quot;px&quot;,&quot;size&quot;:&quot;&quot;,&quot;sizes&quot;:[]},&quot;row_gap_mobile&quot;:{&quot;unit&quot;:&quot;px&quot;,&quot;size&quot;:&quot;&quot;,&quot;sizes&quot;:[]}}\" data-widget_type=\"loop-grid.post\">\n\t\t\t\t<div class=\"elementor-widget-container\">\n\t\t\t\t\t\t\t<div class=\"e-loop-nothing-found-message\">\n\t\t<\/div>\n\t\t\t\t\t\t<\/div>\n\t\t\t\t<\/div>\n\t\t\t\t<\/div>\n\t\t\t\t\t<\/div>\n\t\t\t\t<\/div>\n\t\t\t\t<\/div>\n\t\t","protected":false},"excerpt":{"rendered":"<p>BEM VINDO AO PR\u00c9 II Professor Regente: Cristiane No Pr\u00e9 1, proporcionamos um ambiente acolhedor e estimulante, onde as crian\u00e7as come\u00e7am a explorar o mundo de maneira divertida e significativa. Atrav\u00e9s de brincadeiras, m\u00fasicas e jogos, desenvolvem habilidades de linguagem, matem\u00e1tica, motricidade e socializa\u00e7\u00e3o, sempre com muita alegria e respeito.\u00a0 ESTE&nbsp;\u00c9&nbsp;O NOSSO&nbsp;MURAL! PUBLICA\u00c7\u00d5ES MAIS RECENTES<\/p>\n","protected":false},"author":1,"featured_media":0,"parent":0,"menu_order":0,"comment_status":"closed","ping_status":"closed","template":"","meta":{"_kad_post_transparent":"","_kad_post_title":"","_kad_post_layout":"","_kad_post_sidebar_id":"","_kad_post_content_style":"","_kad_post_vertical_padding":"","_kad_post_feature":"","_kad_post_feature_position":"","_kad_post_header":false,"_kad_post_footer":false,"_kad_post_classname":"","footnotes":""},"class_list":["post-2896","page","type-page","status-publish","hentry"],"_links":{"self":[{"href":"https:\/\/edilenio.tieduca.com\/stage_edilenio\/wp-json\/wp\/v2\/pages\/2896","targetHints":{"allow":["GET"]}}],"collection":[{"href":"https:\/\/edilenio.tieduca.com\/stage_edilenio\/wp-json\/wp\/v2\/pages"}],"about":[{"href":"https:\/\/edilenio.tieduca.com\/stage_edilenio\/wp-json\/wp\/v2\/types\/page"}],"author":[{"embeddable":true,"href":"https:\/\/edilenio.tieduca.com\/stage_edilenio\/wp-json\/wp\/v2\/users\/1"}],"replies":[{"embeddable":true,"href":"https:\/\/edilenio.tieduca.com\/stage_edilenio\/wp-json\/wp\/v2\/comments?post=2896"}],"version-history":[{"count":40,"href":"https:\/\/edilenio.tieduca.com\/stage_edilenio\/wp-json\/wp\/v2\/pages\/2896\/revisions"}],"predecessor-version":[{"id":5016,"href":"https:\/\/edilenio.tieduca.com\/stage_edilenio\/wp-json\/wp\/v2\/pages\/2896\/revisions\/5016"}],"wp:attachment":[{"href":"https:\/\/edilenio.tieduca.com\/stage_edilenio\/wp-json\/wp\/v2\/media?parent=2896"}],"curies":[{"name":"wp","href":"https:\/\/api.w.org\/{rel}","templated":true}]}}