{"id":1960,"date":"2025-01-23T22:39:05","date_gmt":"2025-01-23T22:39:05","guid":{"rendered":"https:\/\/edilenio.tieduca.com\/stage_edilenio\/?page_id=1960"},"modified":"2025-01-23T22:44:45","modified_gmt":"2025-01-23T22:44:45","slug":"fundamental-i","status":"publish","type":"page","link":"https:\/\/edilenio.tieduca.com\/stage_edilenio\/fundamental-i\/","title":{"rendered":"Fundamental I"},"content":{"rendered":"<style>.kb-row-layout-id1960_9b491b-a9 > .kt-row-column-wrap{align-content:start;}:where(.kb-row-layout-id1960_9b491b-a9 > .kt-row-column-wrap) > .wp-block-kadence-column{justify-content:start;}.kb-row-layout-id1960_9b491b-a9 > .kt-row-column-wrap{column-gap:var(--global-kb-gap-md, 2rem);row-gap:var(--global-kb-gap-md, 2rem);padding-top:var(--global-kb-spacing-sm, 1.5rem);padding-bottom:var(--global-kb-spacing-sm, 1.5rem);grid-template-columns:repeat(2, minmax(0, 1fr));}.kb-row-layout-id1960_9b491b-a9 > .kt-row-layout-overlay{opacity:0.30;}@media all and (max-width: 1024px){.kb-row-layout-id1960_9b491b-a9 > .kt-row-column-wrap{grid-template-columns:repeat(2, minmax(0, 1fr));}}@media all and (max-width: 767px){.kb-row-layout-id1960_9b491b-a9 > .kt-row-column-wrap{grid-template-columns:minmax(0, 1fr);}}<\/style><div class=\"kb-row-layout-wrap kb-row-layout-id1960_9b491b-a9 alignnone wp-block-kadence-rowlayout\"><div class=\"kt-row-column-wrap kt-has-2-columns kt-row-layout-equal kt-tab-layout-inherit kt-mobile-layout-row kt-row-valign-top\">\n<style>.kadence-column1960_7aea2f-0f > .kt-inside-inner-col,.kadence-column1960_7aea2f-0f > .kt-inside-inner-col:before{border-top-left-radius:0px;border-top-right-radius:0px;border-bottom-right-radius:0px;border-bottom-left-radius:0px;}.kadence-column1960_7aea2f-0f > .kt-inside-inner-col{column-gap:var(--global-kb-gap-sm, 1rem);}.kadence-column1960_7aea2f-0f > .kt-inside-inner-col{flex-direction:column;}.kadence-column1960_7aea2f-0f > .kt-inside-inner-col > .aligncenter{width:100%;}.kadence-column1960_7aea2f-0f > .kt-inside-inner-col:before{opacity:0.3;}.kadence-column1960_7aea2f-0f{position:relative;}@media all and (max-width: 1024px){.kadence-column1960_7aea2f-0f > .kt-inside-inner-col{flex-direction:column;justify-content:center;}}@media all and (max-width: 767px){.kadence-column1960_7aea2f-0f > .kt-inside-inner-col{flex-direction:column;justify-content:center;}}<\/style>\n<div class=\"wp-block-kadence-column kadence-column1960_7aea2f-0f\"><div class=\"kt-inside-inner-col\">\n<figure class=\"wp-block-gallery has-nested-images columns-default is-cropped wp-block-gallery-1 is-layout-flex wp-block-gallery-is-layout-flex\"><div class=\"wp-block-image\">\n<figure class=\"aligncenter size-full\"><img fetchpriority=\"high\" decoding=\"async\" width=\"1024\" height=\"1024\" data-id=\"1961\" src=\"https:\/\/edilenio.tieduca.com\/stage_edilenio\/wp-content\/uploads\/2025\/01\/image.jpeg\" alt=\"Esta imagem tem um texto alternativo em branco, o nome da imagem \u00e9 atcom-mais-velho.jpeg\" class=\"wp-image-1961\" srcset=\"https:\/\/edilenio.tieduca.com\/stage_edilenio\/wp-content\/uploads\/2025\/01\/image.jpeg 1024w, https:\/\/edilenio.tieduca.com\/stage_edilenio\/wp-content\/uploads\/2025\/01\/image-300x300.jpeg 300w, https:\/\/edilenio.tieduca.com\/stage_edilenio\/wp-content\/uploads\/2025\/01\/image-150x150.jpeg 150w, https:\/\/edilenio.tieduca.com\/stage_edilenio\/wp-content\/uploads\/2025\/01\/image-768x768.jpeg 768w\" sizes=\"(max-width: 1024px) 100vw, 1024px\" \/><\/figure>\n<\/div>\n\n\n<figure class=\"wp-block-image size-large\"><img decoding=\"async\" width=\"1024\" height=\"1024\" data-id=\"1930\" src=\"https:\/\/edilenio.tieduca.com\/stage_edilenio\/wp-content\/uploads\/2025\/01\/2-ano.jpeg\" alt=\"\" class=\"wp-image-1930\" srcset=\"https:\/\/edilenio.tieduca.com\/stage_edilenio\/wp-content\/uploads\/2025\/01\/2-ano.jpeg 1024w, https:\/\/edilenio.tieduca.com\/stage_edilenio\/wp-content\/uploads\/2025\/01\/2-ano-300x300.jpeg 300w, https:\/\/edilenio.tieduca.com\/stage_edilenio\/wp-content\/uploads\/2025\/01\/2-ano-150x150.jpeg 150w, https:\/\/edilenio.tieduca.com\/stage_edilenio\/wp-content\/uploads\/2025\/01\/2-ano-768x768.jpeg 768w\" sizes=\"(max-width: 1024px) 100vw, 1024px\" \/><\/figure>\n\n\n\n<figure class=\"wp-block-image size-large\"><img decoding=\"async\" width=\"1024\" height=\"1024\" data-id=\"1929\" src=\"https:\/\/edilenio.tieduca.com\/stage_edilenio\/wp-content\/uploads\/2025\/01\/1-ano.jpeg\" alt=\"\" class=\"wp-image-1929\" srcset=\"https:\/\/edilenio.tieduca.com\/stage_edilenio\/wp-content\/uploads\/2025\/01\/1-ano.jpeg 1024w, https:\/\/edilenio.tieduca.com\/stage_edilenio\/wp-content\/uploads\/2025\/01\/1-ano-300x300.jpeg 300w, https:\/\/edilenio.tieduca.com\/stage_edilenio\/wp-content\/uploads\/2025\/01\/1-ano-150x150.jpeg 150w, https:\/\/edilenio.tieduca.com\/stage_edilenio\/wp-content\/uploads\/2025\/01\/1-ano-768x768.jpeg 768w\" sizes=\"(max-width: 1024px) 100vw, 1024px\" \/><\/figure>\n<\/figure>\n<\/div><\/div>\n\n\n<style>.kadence-column1960_b2a73b-ba > .kt-inside-inner-col,.kadence-column1960_b2a73b-ba > .kt-inside-inner-col:before{border-top-left-radius:0px;border-top-right-radius:0px;border-bottom-right-radius:0px;border-bottom-left-radius:0px;}.kadence-column1960_b2a73b-ba > .kt-inside-inner-col{column-gap:var(--global-kb-gap-sm, 1rem);}.kadence-column1960_b2a73b-ba > .kt-inside-inner-col{flex-direction:column;}.kadence-column1960_b2a73b-ba > .kt-inside-inner-col > .aligncenter{width:100%;}.kadence-column1960_b2a73b-ba > .kt-inside-inner-col:before{opacity:0.3;}.kadence-column1960_b2a73b-ba{position:relative;}@media all and (max-width: 1024px){.kadence-column1960_b2a73b-ba > .kt-inside-inner-col{flex-direction:column;justify-content:center;}}@media all and (max-width: 767px){.kadence-column1960_b2a73b-ba > .kt-inside-inner-col{flex-direction:column;justify-content:center;}}<\/style>\n<div class=\"wp-block-kadence-column kadence-column1960_b2a73b-ba\"><div class=\"kt-inside-inner-col\"><style>.wp-block-kadence-advancedheading.kt-adv-heading1960_bbd299-5c, .wp-block-kadence-advancedheading.kt-adv-heading1960_bbd299-5c[data-kb-block=\"kb-adv-heading1960_bbd299-5c\"]{text-align:left;font-size:17px;font-weight:500;font-style:normal;font-family:Poppins;}.wp-block-kadence-advancedheading.kt-adv-heading1960_bbd299-5c mark.kt-highlight, .wp-block-kadence-advancedheading.kt-adv-heading1960_bbd299-5c[data-kb-block=\"kb-adv-heading1960_bbd299-5c\"] mark.kt-highlight{font-style:normal;color:#f76a0c;-webkit-box-decoration-break:clone;box-decoration-break:clone;padding-top:0px;padding-right:0px;padding-bottom:0px;padding-left:0px;}.wp-block-kadence-advancedheading.kt-adv-heading1960_bbd299-5c img.kb-inline-image, .wp-block-kadence-advancedheading.kt-adv-heading1960_bbd299-5c[data-kb-block=\"kb-adv-heading1960_bbd299-5c\"] img.kb-inline-image{width:150px;vertical-align:baseline;}<\/style>\n<p class=\"kt-adv-heading1960_bbd299-5c wp-block-kadence-advancedheading\" data-kb-block=\"kb-adv-heading1960_bbd299-5c\">O <strong>E.M. Edil\u00eanio Silva de Souza<\/strong> destaca-se por proporcionar aos seus alunos uma forma\u00e7\u00e3o ampla e de qualidade no Ensino Fundamental, com foco nas mat\u00e9rias b\u00e1sicas que servem como alicerce para o desenvolvimento acad\u00eamico e pessoal. As disciplinas s\u00e3o planejadas de forma a oferecer um aprendizado s\u00f3lido e conectado \u00e0 realidade dos estudantes, preparando-os para os desafios de uma sociedade em constante transforma\u00e7\u00e3o.<br><br>Na \u00e1rea de L\u00edngua Portuguesa, o col\u00e9gio trabalha intensamente o desenvolvimento da leitura, da escrita e da interpreta\u00e7\u00e3o de textos, estimulando a capacidade de comunica\u00e7\u00e3o e o pensamento cr\u00edtico. A Matem\u00e1tica, por sua vez, \u00e9 ensinada de forma pr\u00e1tica e contextualizada, desenvolvendo habilidades como racioc\u00ednio l\u00f3gico, resolu\u00e7\u00e3o de problemas e compreens\u00e3o de conceitos fundamentais, essenciais para o dia a dia. J\u00e1 as Ci\u00eancias despertam o interesse pelo mundo natural, promovendo o conhecimento sobre o corpo humano, o meio ambiente, a energia e a tecnologia, incentivando a curiosidade cient\u00edfica dos alunos.<br><br>As disciplinas de Hist\u00f3ria e Geografia desempenham um papel crucial na forma\u00e7\u00e3o cidad\u00e3, ajudando os estudantes a compreenderem as rela\u00e7\u00f5es sociais, pol\u00edticas, econ\u00f4micas e culturais, al\u00e9m de promoverem a consci\u00eancia sobre a import\u00e2ncia da preserva\u00e7\u00e3o do meio ambiente e da valoriza\u00e7\u00e3o das diversas culturas. Arte tamb\u00e9m \u00e9 parte integrante do curr\u00edculo, permitindo aos alunos explorarem sua criatividade, senso est\u00e9tico e express\u00e3o pessoal por meio de diferentes linguagens art\u00edsticas.<br><br>A Educa\u00e7\u00e3o F\u00edsica, al\u00e9m de incentivar a pr\u00e1tica de atividades f\u00edsicas, tem um papel fundamental na promo\u00e7\u00e3o da sa\u00fade, do bem-estar e do trabalho em equipe, contribuindo para o desenvolvimento integral dos estudantes. Todas essas mat\u00e9rias s\u00e3o ministradas de maneira din\u00e2mica, inovadora e alinhada \u00e0s diretrizes educacionais, garantindo que o aprendizado seja significativo e conectado ao contexto dos alunos.<br><br>Com um ensino que vai al\u00e9m da transmiss\u00e3o de conte\u00fados, o <strong>E.M. Edil\u00eanio Silva de Souza<\/strong> valoriza o desenvolvimento integral de seus estudantes, promovendo a forma\u00e7\u00e3o de cidad\u00e3os conscientes, cr\u00edticos e preparados para construir um futuro melhor.<\/p>\n<\/div><\/div>\n\n<\/div><\/div>","protected":false},"excerpt":{"rendered":"<p>O E.M. Edil\u00eanio Silva de Souza destaca-se por proporcionar aos seus alunos uma forma\u00e7\u00e3o ampla e de qualidade no Ensino Fundamental, com foco nas mat\u00e9rias b\u00e1sicas que servem como alicerce para o desenvolvimento acad\u00eamico e pessoal. As disciplinas s\u00e3o planejadas de forma a oferecer um aprendizado s\u00f3lido e conectado \u00e0 realidade dos estudantes, preparando-os para&#8230;<\/p>\n","protected":false},"author":1,"featured_media":0,"parent":0,"menu_order":0,"comment_status":"closed","ping_status":"closed","template":"","meta":{"_kad_post_transparent":"","_kad_post_title":"","_kad_post_layout":"","_kad_post_sidebar_id":"","_kad_post_content_style":"","_kad_post_vertical_padding":"","_kad_post_feature":"","_kad_post_feature_position":"","_kad_post_header":false,"_kad_post_footer":false,"_kad_post_classname":"","footnotes":""},"class_list":["post-1960","page","type-page","status-publish","hentry"],"_links":{"self":[{"href":"https:\/\/edilenio.tieduca.com\/stage_edilenio\/wp-json\/wp\/v2\/pages\/1960","targetHints":{"allow":["GET"]}}],"collection":[{"href":"https:\/\/edilenio.tieduca.com\/stage_edilenio\/wp-json\/wp\/v2\/pages"}],"about":[{"href":"https:\/\/edilenio.tieduca.com\/stage_edilenio\/wp-json\/wp\/v2\/types\/page"}],"author":[{"embeddable":true,"href":"https:\/\/edilenio.tieduca.com\/stage_edilenio\/wp-json\/wp\/v2\/users\/1"}],"replies":[{"embeddable":true,"href":"https:\/\/edilenio.tieduca.com\/stage_edilenio\/wp-json\/wp\/v2\/comments?post=1960"}],"version-history":[{"count":5,"href":"https:\/\/edilenio.tieduca.com\/stage_edilenio\/wp-json\/wp\/v2\/pages\/1960\/revisions"}],"predecessor-version":[{"id":1974,"href":"https:\/\/edilenio.tieduca.com\/stage_edilenio\/wp-json\/wp\/v2\/pages\/1960\/revisions\/1974"}],"wp:attachment":[{"href":"https:\/\/edilenio.tieduca.com\/stage_edilenio\/wp-json\/wp\/v2\/media?parent=1960"}],"curies":[{"name":"wp","href":"https:\/\/api.w.org\/{rel}","templated":true}]}}