{"id":1942,"date":"2025-01-23T22:11:17","date_gmt":"2025-01-23T22:11:17","guid":{"rendered":"https:\/\/edilenio.tieduca.com\/stage_edilenio\/?page_id=1942"},"modified":"2025-01-24T01:22:28","modified_gmt":"2025-01-24T01:22:28","slug":"educacao-infantil","status":"publish","type":"page","link":"https:\/\/edilenio.tieduca.com\/stage_edilenio\/educacao-infantil\/","title":{"rendered":"Educa\u00e7\u00e3o Infantil"},"content":{"rendered":"<style>.kb-row-layout-id1942_eae382-76 > .kt-row-column-wrap{align-content:start;}:where(.kb-row-layout-id1942_eae382-76 > .kt-row-column-wrap) > .wp-block-kadence-column{justify-content:start;}.kb-row-layout-id1942_eae382-76 > .kt-row-column-wrap{column-gap:var(--global-kb-gap-md, 2rem);row-gap:var(--global-kb-gap-md, 2rem);padding-top:var(--global-kb-spacing-sm, 1.5rem);padding-bottom:var(--global-kb-spacing-sm, 1.5rem);grid-template-columns:repeat(2, minmax(0, 1fr));}.kb-row-layout-id1942_eae382-76 > .kt-row-layout-overlay{opacity:0.30;}@media all and (max-width: 1024px){.kb-row-layout-id1942_eae382-76 > .kt-row-column-wrap{grid-template-columns:repeat(2, minmax(0, 1fr));}}@media all and (max-width: 767px){.kb-row-layout-id1942_eae382-76 > .kt-row-column-wrap{grid-template-columns:minmax(0, 1fr);}}<\/style><div class=\"kb-row-layout-wrap kb-row-layout-id1942_eae382-76 alignnone wp-block-kadence-rowlayout\"><div class=\"kt-row-column-wrap kt-has-2-columns kt-row-layout-equal kt-tab-layout-inherit kt-mobile-layout-row kt-row-valign-top\">\n<style>.kadence-column1942_732096-b1 > .kt-inside-inner-col{display:flex;}.kadence-column1942_732096-b1 > .kt-inside-inner-col,.kadence-column1942_732096-b1 > .kt-inside-inner-col:before{border-top-left-radius:0px;border-top-right-radius:0px;border-bottom-right-radius:0px;border-bottom-left-radius:0px;}.kadence-column1942_732096-b1 > .kt-inside-inner-col{column-gap:var(--global-kb-gap-sm, 1rem);}.kadence-column1942_732096-b1 > .kt-inside-inner-col{flex-direction:column;justify-content:center;}.kadence-column1942_732096-b1 > .kt-inside-inner-col > .aligncenter{width:100%;}.kt-row-column-wrap > .kadence-column1942_732096-b1{align-self:center;}.kt-inner-column-height-full:not(.kt-has-1-columns) > .wp-block-kadence-column.kadence-column1942_732096-b1{align-self:auto;}.kt-inner-column-height-full:not(.kt-has-1-columns) > .wp-block-kadence-column.kadence-column1942_732096-b1 > .kt-inside-inner-col{flex-direction:column;justify-content:center;}.kadence-column1942_732096-b1 > .kt-inside-inner-col:before{opacity:0.3;}.kadence-column1942_732096-b1{position:relative;}@media all and (max-width: 1024px){.kt-row-column-wrap > .kadence-column1942_732096-b1{align-self:center;}}@media all and (max-width: 1024px){.kt-inner-column-height-full:not(.kt-has-1-columns) > .wp-block-kadence-column.kadence-column1942_732096-b1{align-self:auto;}}@media all and (max-width: 1024px){.kt-inner-column-height-full:not(.kt-has-1-columns) > .wp-block-kadence-column.kadence-column1942_732096-b1 > .kt-inside-inner-col{flex-direction:column;justify-content:center;}}@media all and (max-width: 1024px){.kadence-column1942_732096-b1 > .kt-inside-inner-col{flex-direction:column;justify-content:center;}}@media all and (max-width: 767px){.kt-row-column-wrap > .kadence-column1942_732096-b1{align-self:center;}.kt-inner-column-height-full:not(.kt-has-1-columns) > .wp-block-kadence-column.kadence-column1942_732096-b1{align-self:auto;}.kt-inner-column-height-full:not(.kt-has-1-columns) > .wp-block-kadence-column.kadence-column1942_732096-b1 > .kt-inside-inner-col{flex-direction:column;justify-content:center;}.kadence-column1942_732096-b1 > .kt-inside-inner-col{flex-direction:column;justify-content:center;}}<\/style>\n<div class=\"wp-block-kadence-column kadence-column1942_732096-b1\"><div class=\"kt-inside-inner-col\">\n<figure class=\"wp-block-gallery has-nested-images columns-default is-cropped wp-block-gallery-1 is-layout-flex wp-block-gallery-is-layout-flex\">\n<figure class=\"wp-block-image alignfull size-large\"><img fetchpriority=\"high\" decoding=\"async\" width=\"1024\" height=\"1024\" data-id=\"1871\" src=\"https:\/\/edilenio.tieduca.com\/stage_edilenio\/wp-content\/uploads\/2025\/01\/cbfcc8ff-1dcf-43ef-944b-0442b7e62344.png\" alt=\"\" class=\"wp-image-1871\" srcset=\"https:\/\/edilenio.tieduca.com\/stage_edilenio\/wp-content\/uploads\/2025\/01\/cbfcc8ff-1dcf-43ef-944b-0442b7e62344.png 1024w, https:\/\/edilenio.tieduca.com\/stage_edilenio\/wp-content\/uploads\/2025\/01\/elementor\/thumbs\/cbfcc8ff-1dcf-43ef-944b-0442b7e62344-r0eto6y6m7t9m1hsqbjgwc8ik0550ykyh3x6l7wla0.png 300w, https:\/\/edilenio.tieduca.com\/stage_edilenio\/wp-content\/uploads\/2025\/01\/cbfcc8ff-1dcf-43ef-944b-0442b7e62344-150x150.png 150w, https:\/\/edilenio.tieduca.com\/stage_edilenio\/wp-content\/uploads\/2025\/01\/cbfcc8ff-1dcf-43ef-944b-0442b7e62344-768x768.png 768w, https:\/\/edilenio.tieduca.com\/stage_edilenio\/wp-content\/uploads\/2025\/01\/elementor\/thumbs\/cbfcc8ff-1dcf-43ef-944b-0442b7e62344-r0eto6y91xe4u1t9k59t4hx8mokech0e8p3iw0v1c8.png 500w, https:\/\/edilenio.tieduca.com\/stage_edilenio\/wp-content\/uploads\/2025\/01\/elementor\/thumbs\/cbfcc8ff-1dcf-43ef-944b-0442b7e62344-r0eto6y60af1t1exiv3vuatc1c1bp2z3j7mliinz9g.png 250w\" sizes=\"(max-width: 1024px) 100vw, 1024px\" \/><\/figure>\n<\/figure>\n<\/div><\/div>\n\n\n<style>.kadence-column1942_13b2d9-d5 > .kt-inside-inner-col,.kadence-column1942_13b2d9-d5 > .kt-inside-inner-col:before{border-top-left-radius:0px;border-top-right-radius:0px;border-bottom-right-radius:0px;border-bottom-left-radius:0px;}.kadence-column1942_13b2d9-d5 > .kt-inside-inner-col{column-gap:var(--global-kb-gap-sm, 1rem);}.kadence-column1942_13b2d9-d5 > .kt-inside-inner-col{flex-direction:column;}.kadence-column1942_13b2d9-d5 > .kt-inside-inner-col > .aligncenter{width:100%;}.kadence-column1942_13b2d9-d5 > .kt-inside-inner-col:before{opacity:0.3;}.kadence-column1942_13b2d9-d5{position:relative;}@media all and (max-width: 1024px){.kadence-column1942_13b2d9-d5 > .kt-inside-inner-col{flex-direction:column;justify-content:center;}}@media all and (max-width: 767px){.kadence-column1942_13b2d9-d5 > .kt-inside-inner-col{flex-direction:column;justify-content:center;}}<\/style>\n<div class=\"wp-block-kadence-column kadence-column1942_13b2d9-d5\"><div class=\"kt-inside-inner-col\">\n<p>O Ensino Fundamental \u00e9 uma etapa central na forma\u00e7\u00e3o educacional, voltada para o desenvolvimento de conhecimentos essenciais e habilidades que acompanham os alunos ao longo de sua vida acad\u00eamica e pessoal. Durante esse per\u00edodo, busca-se construir uma base s\u00f3lida em diversas \u00e1reas do saber, promovendo o aprendizado de conte\u00fados que estimulam o racioc\u00ednio l\u00f3gico, a capacidade de comunica\u00e7\u00e3o, a criatividade e a compreens\u00e3o do mundo.<br><br>Essa fase da educa\u00e7\u00e3o \u00e9 marcada pelo ensino de disciplinas fundamentais, como L\u00edngua Portuguesa, Matem\u00e1tica, Ci\u00eancias, Hist\u00f3ria, Geografia, Arte e Educa\u00e7\u00e3o F\u00edsica. A abordagem pedag\u00f3gica n\u00e3o apenas visa \u00e0 transmiss\u00e3o de conhecimentos, mas tamb\u00e9m ao desenvolvimento integral do estudante, incentivando a reflex\u00e3o, a curiosidade, o trabalho em equipe e a autonomia. Os conte\u00fados s\u00e3o apresentados de maneira pr\u00e1tica e contextualizada, ajudando os alunos a relacionarem o aprendizado ao seu cotidiano e \u00e0s quest\u00f5es contempor\u00e2neas.<br><br>Al\u00e9m dos aspectos acad\u00eamicos, o Ensino Fundamental tamb\u00e9m desempenha um papel importante na forma\u00e7\u00e3o de valores, como o respeito, a \u00e9tica, a responsabilidade e a empatia. As atividades realizadas nessa etapa promovem o fortalecimento do conv\u00edvio social e o desenvolvimento emocional dos estudantes, preparando-os para os desafios futuros de forma equilibrada e consciente.<br><br>O objetivo maior do Ensino Fundamental \u00e9 oferecer uma forma\u00e7\u00e3o completa, que integre o saber te\u00f3rico com pr\u00e1ticas significativas e uma vis\u00e3o cr\u00edtica do mundo. \u00c9 uma fase de descobertas e constru\u00e7\u00e3o, onde os estudantes come\u00e7am a consolidar sua identidade, habilidades e compet\u00eancias para se tornarem cidad\u00e3os ativos e preparados para transformar a realidade em que vivem.<\/p>\n<\/div><\/div>\n\n<\/div><\/div>","protected":false},"excerpt":{"rendered":"<p>O Ensino Fundamental \u00e9 uma etapa central na forma\u00e7\u00e3o educacional, voltada para o desenvolvimento de conhecimentos essenciais e habilidades que acompanham os alunos ao longo de sua vida acad\u00eamica e pessoal. Durante esse per\u00edodo, busca-se construir uma base s\u00f3lida em diversas \u00e1reas do saber, promovendo o aprendizado de conte\u00fados que estimulam o racioc\u00ednio l\u00f3gico, a&#8230;<\/p>\n","protected":false},"author":1,"featured_media":0,"parent":0,"menu_order":0,"comment_status":"closed","ping_status":"closed","template":"","meta":{"_kad_post_transparent":"","_kad_post_title":"","_kad_post_layout":"","_kad_post_sidebar_id":"","_kad_post_content_style":"","_kad_post_vertical_padding":"","_kad_post_feature":"","_kad_post_feature_position":"","_kad_post_header":false,"_kad_post_footer":false,"_kad_post_classname":"","footnotes":""},"class_list":["post-1942","page","type-page","status-publish","hentry"],"_links":{"self":[{"href":"https:\/\/edilenio.tieduca.com\/stage_edilenio\/wp-json\/wp\/v2\/pages\/1942","targetHints":{"allow":["GET"]}}],"collection":[{"href":"https:\/\/edilenio.tieduca.com\/stage_edilenio\/wp-json\/wp\/v2\/pages"}],"about":[{"href":"https:\/\/edilenio.tieduca.com\/stage_edilenio\/wp-json\/wp\/v2\/types\/page"}],"author":[{"embeddable":true,"href":"https:\/\/edilenio.tieduca.com\/stage_edilenio\/wp-json\/wp\/v2\/users\/1"}],"replies":[{"embeddable":true,"href":"https:\/\/edilenio.tieduca.com\/stage_edilenio\/wp-json\/wp\/v2\/comments?post=1942"}],"version-history":[{"count":11,"href":"https:\/\/edilenio.tieduca.com\/stage_edilenio\/wp-json\/wp\/v2\/pages\/1942\/revisions"}],"predecessor-version":[{"id":2049,"href":"https:\/\/edilenio.tieduca.com\/stage_edilenio\/wp-json\/wp\/v2\/pages\/1942\/revisions\/2049"}],"wp:attachment":[{"href":"https:\/\/edilenio.tieduca.com\/stage_edilenio\/wp-json\/wp\/v2\/media?parent=1942"}],"curies":[{"name":"wp","href":"https:\/\/api.w.org\/{rel}","templated":true}]}}