{"id":1455,"date":"2020-11-12T15:19:27","date_gmt":"2020-11-12T15:19:27","guid":{"rendered":"https:\/\/startertemplatecloud.com\/g01\/?page_id=1455"},"modified":"2025-02-19T23:41:38","modified_gmt":"2025-02-19T23:41:38","slug":"contato","status":"publish","type":"page","link":"https:\/\/edilenio.tieduca.com\/stage_edilenio\/contato\/","title":{"rendered":"Contato"},"content":{"rendered":"<style>.kadence-column1455_dec4a9-c7 > .kt-inside-inner-col,.kadence-column1455_dec4a9-c7 > .kt-inside-inner-col:before{border-top-left-radius:0px;border-top-right-radius:0px;border-bottom-right-radius:0px;border-bottom-left-radius:0px;}.kadence-column1455_dec4a9-c7 > .kt-inside-inner-col{column-gap:var(--global-kb-gap-sm, 1rem);}.kadence-column1455_dec4a9-c7 > .kt-inside-inner-col{flex-direction:column;}.kadence-column1455_dec4a9-c7 > .kt-inside-inner-col > .aligncenter{width:100%;}.kadence-column1455_dec4a9-c7 > .kt-inside-inner-col:before{opacity:0.3;}.kadence-column1455_dec4a9-c7{position:relative;}@media all and (max-width: 1024px){.kadence-column1455_dec4a9-c7 > .kt-inside-inner-col{flex-direction:column;justify-content:center;}}@media all and (max-width: 767px){.kadence-column1455_dec4a9-c7 > .kt-inside-inner-col{flex-direction:column;justify-content:center;}}<\/style>\n<div class=\"wp-block-kadence-column kadence-column1455_dec4a9-c7 alignwide\"><div class=\"kt-inside-inner-col\"><\/div><\/div>\n\n\n<style>.kb-row-layout-id1455_85e145-95 > .kt-row-column-wrap{align-content:start;}:where(.kb-row-layout-id1455_85e145-95 > .kt-row-column-wrap) > .wp-block-kadence-column{justify-content:start;}.kb-row-layout-id1455_85e145-95 > .kt-row-column-wrap{column-gap:var(--global-kb-gap-md, 2rem);row-gap:var(--global-kb-gap-md, 2rem);max-width:var( --global-content-width, 1290px );padding-left:var(--global-content-edge-padding);padding-right:var(--global-content-edge-padding);padding-top:42px;padding-bottom:0px;grid-template-columns:minmax(0, 1fr);}.kb-row-layout-id1455_85e145-95 > .kt-row-layout-overlay{opacity:0.30;}@media all and (max-width: 1024px){.kb-row-layout-id1455_85e145-95 > .kt-row-column-wrap{grid-template-columns:minmax(0, 1fr);}}@media all and (max-width: 767px){.kb-row-layout-id1455_85e145-95 > .kt-row-column-wrap{grid-template-columns:minmax(0, 1fr);}}<\/style><div class=\"kb-row-layout-wrap kb-row-layout-id1455_85e145-95 alignnone wp-block-kadence-rowlayout\"><div class=\"kt-row-column-wrap kt-has-1-columns kt-row-layout-equal kt-tab-layout-inherit kt-mobile-layout-row kt-row-valign-top kb-theme-content-width\">\n<style>.kadence-column1455_461418-a2 > .kt-inside-inner-col,.kadence-column1455_461418-a2 > .kt-inside-inner-col:before{border-top-left-radius:0px;border-top-right-radius:0px;border-bottom-right-radius:0px;border-bottom-left-radius:0px;}.kadence-column1455_461418-a2 > .kt-inside-inner-col{column-gap:var(--global-kb-gap-sm, 1rem);}.kadence-column1455_461418-a2 > .kt-inside-inner-col{flex-direction:column;}.kadence-column1455_461418-a2 > .kt-inside-inner-col > .aligncenter{width:100%;}.kadence-column1455_461418-a2 > .kt-inside-inner-col:before{opacity:0.3;}.kadence-column1455_461418-a2{position:relative;}@media all and (max-width: 1024px){.kadence-column1455_461418-a2 > .kt-inside-inner-col{flex-direction:column;justify-content:center;}}@media all and (max-width: 767px){.kadence-column1455_461418-a2 > .kt-inside-inner-col{flex-direction:column;justify-content:center;}}<\/style>\n<div class=\"wp-block-kadence-column kadence-column1455_461418-a2 inner-column-1\"><div class=\"kt-inside-inner-col\"><style>.wp-block-kadence-advancedheading.kt-adv-heading1455_41a3bb-a3, .wp-block-kadence-advancedheading.kt-adv-heading1455_41a3bb-a3[data-kb-block=\"kb-adv-heading1455_41a3bb-a3\"]{font-size:35px;font-weight:400;font-style:normal;}.wp-block-kadence-advancedheading.kt-adv-heading1455_41a3bb-a3 mark.kt-highlight, .wp-block-kadence-advancedheading.kt-adv-heading1455_41a3bb-a3[data-kb-block=\"kb-adv-heading1455_41a3bb-a3\"] mark.kt-highlight{font-weight:normal;font-style:normal;color:#f76a0c;-webkit-box-decoration-break:clone;box-decoration-break:clone;padding-top:0px;padding-right:0px;padding-bottom:0px;padding-left:0px;}.wp-block-kadence-advancedheading.kt-adv-heading1455_41a3bb-a3 img.kb-inline-image, .wp-block-kadence-advancedheading.kt-adv-heading1455_41a3bb-a3[data-kb-block=\"kb-adv-heading1455_41a3bb-a3\"] img.kb-inline-image{width:150px;vertical-align:baseline;}@media all and (max-width: 1024px){.wp-block-kadence-advancedheading.kt-adv-heading1455_41a3bb-a3, .wp-block-kadence-advancedheading.kt-adv-heading1455_41a3bb-a3[data-kb-block=\"kb-adv-heading1455_41a3bb-a3\"]{font-size:25px;}}@media all and (max-width: 767px){.wp-block-kadence-advancedheading.kt-adv-heading1455_41a3bb-a3, .wp-block-kadence-advancedheading.kt-adv-heading1455_41a3bb-a3[data-kb-block=\"kb-adv-heading1455_41a3bb-a3\"]{font-size:25px;}}<\/style>\n<h2 class=\"kt-adv-heading1455_41a3bb-a3 wp-block-kadence-advancedheading\" data-kb-block=\"kb-adv-heading1455_41a3bb-a3\">D\u00favidas, sugest\u00f5es, reclama\u00e7\u00f5es ou apenas quer dizer ol\u00e1?               Entre em contato.<\/h2>\n\n\n\n<p><br><\/p>\n<\/div><\/div>\n\n<\/div><\/div>\n\n<style>.kb-row-layout-id1455_3f6de4-c9 > .kt-row-column-wrap{align-content:start;}:where(.kb-row-layout-id1455_3f6de4-c9 > .kt-row-column-wrap) > .wp-block-kadence-column{justify-content:start;}.kb-row-layout-id1455_3f6de4-c9 > .kt-row-column-wrap{column-gap:80px;row-gap:var(--global-kb-gap-md, 2rem);max-width:var( --global-content-width, 1290px );padding-left:var(--global-content-edge-padding);padding-right:var(--global-content-edge-padding);padding-top:25px;padding-bottom:90px;}.kb-row-layout-id1455_3f6de4-c9 > .kt-row-column-wrap > *:nth-child(3n+1 of *:not(style)){grid-column:1 \/ -1;}.kb-row-layout-id1455_3f6de4-c9 > .kt-row-column-wrap{grid-template-columns:repeat(2, minmax(0, 1fr));}.kb-row-layout-id1455_3f6de4-c9 > .kt-row-layout-overlay{opacity:0.30;}@media all and (max-width: 1024px){.kb-row-layout-id1455_3f6de4-c9 > .kt-row-column-wrap > *:nth-child(3n of *:not(style)){grid-column:1 \/ -1;}}@media all and (max-width: 1024px){.kb-row-layout-id1455_3f6de4-c9 > .kt-row-column-wrap{grid-template-columns:repeat(2, minmax(0, 1fr));}}@media all and (max-width: 767px){.kb-row-layout-id1455_3f6de4-c9 > .kt-row-column-wrap > div:not(.added-for-specificity){grid-column:initial;}.kb-row-layout-id1455_3f6de4-c9 > .kt-row-column-wrap{grid-template-columns:minmax(0, 1fr);}}<\/style><div class=\"kb-row-layout-wrap kb-row-layout-id1455_3f6de4-c9 alignnone wp-block-kadence-rowlayout\"><div class=\"kt-row-column-wrap kt-has-3-columns kt-row-layout-first-row kt-tab-layout-last-row kt-mobile-layout-row kt-row-valign-top kb-theme-content-width\">\n<style>.kadence-column1455_a50cf6-50 > .kt-inside-inner-col,.kadence-column1455_a50cf6-50 > .kt-inside-inner-col:before{border-top-left-radius:0px;border-top-right-radius:0px;border-bottom-right-radius:0px;border-bottom-left-radius:0px;}.kadence-column1455_a50cf6-50 > .kt-inside-inner-col{column-gap:var(--global-kb-gap-sm, 1rem);}.kadence-column1455_a50cf6-50 > .kt-inside-inner-col{flex-direction:column;}.kadence-column1455_a50cf6-50 > .kt-inside-inner-col > .aligncenter{width:100%;}.kadence-column1455_a50cf6-50 > .kt-inside-inner-col:before{opacity:0.3;}.kadence-column1455_a50cf6-50{position:relative;}@media all and (max-width: 1024px){.kadence-column1455_a50cf6-50 > .kt-inside-inner-col{flex-direction:column;justify-content:center;}}@media all and (max-width: 767px){.kadence-column1455_a50cf6-50 > .kt-inside-inner-col{flex-direction:column;justify-content:center;}}<\/style>\n<div class=\"wp-block-kadence-column kadence-column1455_a50cf6-50\"><div class=\"kt-inside-inner-col\">\n<figure class=\"wp-block-image alignwide size-large\"><img fetchpriority=\"high\" decoding=\"async\" width=\"1024\" height=\"450\" src=\"https:\/\/edilenio.tieduca.com\/stage_edilenio\/wp-content\/uploads\/2025\/01\/Captura-de-tela-2025-01-23-143349-1024x450.png\" alt=\"\" class=\"wp-image-1928\" srcset=\"https:\/\/edilenio.tieduca.com\/stage_edilenio\/wp-content\/uploads\/2025\/01\/Captura-de-tela-2025-01-23-143349-1024x450.png 1024w, https:\/\/edilenio.tieduca.com\/stage_edilenio\/wp-content\/uploads\/2025\/01\/Captura-de-tela-2025-01-23-143349-300x132.png 300w, https:\/\/edilenio.tieduca.com\/stage_edilenio\/wp-content\/uploads\/2025\/01\/Captura-de-tela-2025-01-23-143349-768x338.png 768w, https:\/\/edilenio.tieduca.com\/stage_edilenio\/wp-content\/uploads\/2025\/01\/Captura-de-tela-2025-01-23-143349.png 1347w\" sizes=\"(max-width: 1024px) 100vw, 1024px\" \/><\/figure>\n<\/div><\/div>\n\n\n<style>.kadence-column1455_eff3bc-2d > .kt-inside-inner-col,.kadence-column1455_eff3bc-2d > .kt-inside-inner-col:before{border-top-left-radius:0px;border-top-right-radius:0px;border-bottom-right-radius:0px;border-bottom-left-radius:0px;}.kadence-column1455_eff3bc-2d > .kt-inside-inner-col{column-gap:var(--global-kb-gap-sm, 1rem);}.kadence-column1455_eff3bc-2d > .kt-inside-inner-col{flex-direction:column;}.kadence-column1455_eff3bc-2d > .kt-inside-inner-col > .aligncenter{width:100%;}.kadence-column1455_eff3bc-2d > .kt-inside-inner-col:before{opacity:0.3;}.kadence-column1455_eff3bc-2d{position:relative;}@media all and (max-width: 1024px){.kadence-column1455_eff3bc-2d > .kt-inside-inner-col{flex-direction:column;justify-content:center;}}@media all and (max-width: 767px){.kadence-column1455_eff3bc-2d > .kt-inside-inner-col{flex-direction:column;justify-content:center;}}<\/style>\n<div class=\"wp-block-kadence-column kadence-column1455_eff3bc-2d inner-column-1\"><div class=\"kt-inside-inner-col\"><style>.wp-block-kadence-advancedheading.kt-adv-heading1455_5cc67c-cc, .wp-block-kadence-advancedheading.kt-adv-heading1455_5cc67c-cc[data-kb-block=\"kb-adv-heading1455_5cc67c-cc\"]{font-size:25px;font-weight:normal;font-style:normal;}.wp-block-kadence-advancedheading.kt-adv-heading1455_5cc67c-cc mark.kt-highlight, .wp-block-kadence-advancedheading.kt-adv-heading1455_5cc67c-cc[data-kb-block=\"kb-adv-heading1455_5cc67c-cc\"] mark.kt-highlight{font-weight:normal;font-style:normal;color:#f76a0c;-webkit-box-decoration-break:clone;box-decoration-break:clone;padding-top:0px;padding-right:0px;padding-bottom:0px;padding-left:0px;}.wp-block-kadence-advancedheading.kt-adv-heading1455_5cc67c-cc img.kb-inline-image, .wp-block-kadence-advancedheading.kt-adv-heading1455_5cc67c-cc[data-kb-block=\"kb-adv-heading1455_5cc67c-cc\"] img.kb-inline-image{width:150px;vertical-align:baseline;}<\/style>\n<h3 class=\"kt-adv-heading1455_5cc67c-cc wp-block-kadence-advancedheading\" data-kb-block=\"kb-adv-heading1455_5cc67c-cc\">Venha nos visitar!<\/h3>\n\n\n\n<p>RODOVIA RODOVIA AMARAL PEIXOTO, S\/N KM 63. ALVORADA BACAXA. 28995-830 Saquarema &#8211; RJ.<\/p>\n\n\n\n<p>Hor\u00e1rio<br>Segunda \u2013 Sexta<br>8:00AM-17:00PM PST<\/p>\n\n\n\n<p><\/p>\n<\/div><\/div>\n\n\n<style>.kadence-column1455_7fd77b-26 > .kt-inside-inner-col,.kadence-column1455_7fd77b-26 > .kt-inside-inner-col:before{border-top-left-radius:0px;border-top-right-radius:0px;border-bottom-right-radius:0px;border-bottom-left-radius:0px;}.kadence-column1455_7fd77b-26 > .kt-inside-inner-col{column-gap:var(--global-kb-gap-sm, 1rem);}.kadence-column1455_7fd77b-26 > .kt-inside-inner-col{flex-direction:column;}.kadence-column1455_7fd77b-26 > .kt-inside-inner-col > .aligncenter{width:100%;}.kadence-column1455_7fd77b-26 > .kt-inside-inner-col:before{opacity:0.3;}.kadence-column1455_7fd77b-26{position:relative;}@media all and (max-width: 1024px){.kadence-column1455_7fd77b-26 > .kt-inside-inner-col{flex-direction:column;justify-content:center;}}@media all and (max-width: 767px){.kadence-column1455_7fd77b-26 > .kt-inside-inner-col{flex-direction:column;justify-content:center;}}<\/style>\n<div class=\"wp-block-kadence-column kadence-column1455_7fd77b-26\"><div class=\"kt-inside-inner-col\"><style>.kadence-column1455_1f1026-87 > .kt-inside-inner-col{padding-left:10px;}.kadence-column1455_1f1026-87 > .kt-inside-inner-col,.kadence-column1455_1f1026-87 > .kt-inside-inner-col:before{border-top-left-radius:0px;border-top-right-radius:0px;border-bottom-right-radius:0px;border-bottom-left-radius:0px;}.kadence-column1455_1f1026-87 > .kt-inside-inner-col{column-gap:var(--global-kb-gap-sm, 1rem);}.kadence-column1455_1f1026-87 > .kt-inside-inner-col{flex-direction:column;}.kadence-column1455_1f1026-87 > .kt-inside-inner-col > .aligncenter{width:100%;}.kadence-column1455_1f1026-87 > .kt-inside-inner-col:before{opacity:0.3;}.kadence-column1455_1f1026-87{position:relative;}@media all and (max-width: 1024px){.kadence-column1455_1f1026-87 > .kt-inside-inner-col{padding-left:0px;flex-direction:column;justify-content:center;}}@media all and (max-width: 767px){.kadence-column1455_1f1026-87 > .kt-inside-inner-col{flex-direction:column;justify-content:center;}}<\/style>\n<div class=\"wp-block-kadence-column kadence-column1455_1f1026-87 inner-column-3\"><div class=\"kt-inside-inner-col\">\n<p>Preencha os campos para podermos entrar em contato<\/p>\n\n\n<style>.kb-form input.kadence-blocks-field.verify{opacity:0.0;position:absolute;top:0.0;left:0.0;width:0.0;height:0.0;z-index:-1;}<\/style>\n<div class=\"wp-block-kadence-form kadence-form-1455_4db523-73 kb-form-wrap\"><form class=\"kb-form\" action=\"\" method=\"post\"><div class=\"kadence-blocks-form-field kb-field-desk-width-100 kb-input-size-standard\"><label for=\"kb_field_1455_4db523-73_0\">Name<\/label><input name=\"kb_field_0\" id=\"kb_field_1455_4db523-73_0\" data-label=\"Name\" type=\"text\" placeholder=\"\" value=\"\" data-type=\"text\" class=\"kb-field kb-text-style-field kb-text-field kb-field-0\"\/><\/div><div class=\"kadence-blocks-form-field kb-form-field-1 kb-field-desk-width-100 kb-input-size-standard\"><label for=\"kb_field_1455_4db523-73_1\">Email<span class=\"required\">*<\/span><\/label><input name=\"kb_field_1\" id=\"kb_field_1455_4db523-73_1\" data-label=\"Email\" type=\"email\" placeholder=\"\" value=\"\" data-type=\"email\" class=\"kb-field kb-text-style-field kb-email-field kb-field-1\" data-required=\"yes\"\/><\/div><div class=\"kadence-blocks-form-field kb-form-field-2 kb-field-desk-width-100 kb-input-size-standard\"><label for=\"kb_field_1455_4db523-73_2\">Message<span class=\"required\">*<\/span><\/label><textarea name=\"kb_field_2\" id=\"kb_field_1455_4db523-73_2\" data-label=\"Message\" type=\"textarea\" placeholder=\"\" data-type=\"textarea\" class=\"kb-field kb-text-style-field kb-textarea-field kb-field-2\" rows=\"4\" data-required=\"yes\"><\/textarea><\/div><input type=\"hidden\" name=\"_kb_form_id\" value=\"1455_4db523-73\"\/><input type=\"hidden\" name=\"_kb_form_post_id\" value=\"1455\"\/><input type=\"hidden\" name=\"action\" value=\"kb_process_ajax_submit\"\/><label class=\"kadence-verify-label\">Email<input class=\"kadence-blocks-field verify\" type=\"text\" name=\"_kb_verify_email\" autocomplete=\"new-password\" aria-hidden=\"true\" placeholder=\"Email\" tabindex=\"-1\" data-1p-ignore=\"true\" data-lpignore=\"true\" \/><\/label><div class=\"kadence-blocks-form-field kb-submit-field kb-field-desk-width-100\"><button class=\"kb-forms-submit button kb-button-size-standard kb-button-width-auto\">Submit<\/button><\/div><\/form><\/div>\n<noscript><div class=\"kadence-blocks-form-message kadence-blocks-form-warning\">Please enable JavaScript in your browser to submit the form<\/div><style>.kadence-form-1455_4db523-73 .kadence-blocks-form-field.kb-submit-field { display: none; }<\/style><\/noscript><\/div><\/div>\n<\/div><\/div>\n\n<\/div><\/div>\n\n<style>.kb-row-layout-id1455_a04f13-ac > .kt-row-column-wrap{align-content:start;}:where(.kb-row-layout-id1455_a04f13-ac > .kt-row-column-wrap) > .wp-block-kadence-column{justify-content:start;}.kb-row-layout-id1455_a04f13-ac > .kt-row-column-wrap{column-gap:var(--global-kb-gap-md, 2rem);row-gap:var(--global-kb-gap-md, 2rem);max-width:var( --global-content-width, 1290px );padding-left:var(--global-content-edge-padding);padding-right:var(--global-content-edge-padding);padding-top:0px;padding-bottom:90px;grid-template-columns:minmax(0, 1fr);}.kb-row-layout-id1455_a04f13-ac > .kt-row-layout-overlay{opacity:0.30;}@media all and (max-width: 1024px){.kb-row-layout-id1455_a04f13-ac > .kt-row-column-wrap{grid-template-columns:minmax(0, 1fr);}}@media all and (max-width: 767px){.kb-row-layout-id1455_a04f13-ac > .kt-row-column-wrap{grid-template-columns:minmax(0, 1fr);}}<\/style><div class=\"kb-row-layout-wrap kb-row-layout-id1455_a04f13-ac alignnone wp-block-kadence-rowlayout\"><div class=\"kt-row-column-wrap kt-has-1-columns kt-row-layout-equal kt-tab-layout-inherit kt-mobile-layout-row kt-row-valign-top kb-theme-content-width\">\n<style>.kadence-column1455_d5e7a4-1d > .kt-inside-inner-col,.kadence-column1455_d5e7a4-1d > .kt-inside-inner-col:before{border-top-left-radius:0px;border-top-right-radius:0px;border-bottom-right-radius:0px;border-bottom-left-radius:0px;}.kadence-column1455_d5e7a4-1d > .kt-inside-inner-col{column-gap:var(--global-kb-gap-sm, 1rem);}.kadence-column1455_d5e7a4-1d > .kt-inside-inner-col{flex-direction:column;}.kadence-column1455_d5e7a4-1d > .kt-inside-inner-col > .aligncenter{width:100%;}.kadence-column1455_d5e7a4-1d > .kt-inside-inner-col:before{opacity:0.3;}.kadence-column1455_d5e7a4-1d{position:relative;}@media all and (max-width: 1024px){.kadence-column1455_d5e7a4-1d > .kt-inside-inner-col{flex-direction:column;justify-content:center;}}@media all and (max-width: 767px){.kadence-column1455_d5e7a4-1d > .kt-inside-inner-col{flex-direction:column;justify-content:center;}}<\/style>\n<div class=\"wp-block-kadence-column kadence-column1455_d5e7a4-1d\"><div class=\"kt-inside-inner-col\"><style>.kb-google-maps-container1455_8027ad-ca{height:450px;}<\/style><div class=\"kb-google-maps-container kb-google-maps-container1455_8027ad-ca  wp-block-kadence-googlemaps\" data-mapid=\"1455_8027adca\"><iframe width=\"100%\" height=\"100%\"\n\t\t\t\t\t\t\tstyle=\"border:0\" loading=\"lazy\"\n\t\t\t\t\t\t\tsrc=\"https:\/\/www.google.com\/maps\/embed\/v1\/place?key=AIzaSyBAM2o7PiQqwk15LC1XRH2e_KJ-jUa7KYk&#038;zoom=11&#038;maptype=roadmap&#038;q=E+M+Edilenio+Silva+de+Souza\"\n\t\t\t\t\t\t\ttitle=\"Google map of E M Edilenio Silva de Souza\"><\/iframe><\/div><script>function kb_google_map1455_8027adca() { let center = { lat: 37.8201, lng: -122.4781}; let map = new google.maps.Map(document.getElementById(\"kb-google-map1455_8027adca\"), {\n\t\t\t\t\t    zoom: 11,\n\t\t\t\t\t    center: center,});let marker = new google.maps.Marker({   position: { lat: 37.8201, lng: -122.4781},    map: map,  });}<\/script><\/div><\/div>\n\n<\/div><\/div>\n\n\n<figure class=\"wp-block-gallery has-nested-images columns-default is-cropped wp-block-gallery-1 is-layout-flex wp-block-gallery-is-layout-flex\"><\/figure>\n\n\n<style>.kadence-column1455_63a820-ab > .kt-inside-inner-col,.kadence-column1455_63a820-ab > .kt-inside-inner-col:before{border-top-left-radius:0px;border-top-right-radius:0px;border-bottom-right-radius:0px;border-bottom-left-radius:0px;}.kadence-column1455_63a820-ab > .kt-inside-inner-col{column-gap:var(--global-kb-gap-sm, 1rem);}.kadence-column1455_63a820-ab > .kt-inside-inner-col{flex-direction:column;}.kadence-column1455_63a820-ab > .kt-inside-inner-col > .aligncenter{width:100%;}.kadence-column1455_63a820-ab > .kt-inside-inner-col:before{opacity:0.3;}.kadence-column1455_63a820-ab{position:relative;}@media all and (max-width: 1024px){.kadence-column1455_63a820-ab > .kt-inside-inner-col{flex-direction:column;justify-content:center;}}@media all and (max-width: 767px){.kadence-column1455_63a820-ab > .kt-inside-inner-col{flex-direction:column;justify-content:center;}}<\/style>\n<div class=\"wp-block-kadence-column kadence-column1455_63a820-ab\"><div class=\"kt-inside-inner-col\"><\/div><\/div>\n\n\n\n<p><\/p>\n","protected":false},"excerpt":{"rendered":"<p>D\u00favidas, sugest\u00f5es, reclama\u00e7\u00f5es ou apenas quer dizer ol\u00e1? Entre em contato. Venha nos visitar! RODOVIA RODOVIA AMARAL PEIXOTO, S\/N KM 63. ALVORADA BACAXA. 28995-830 Saquarema &#8211; RJ. Hor\u00e1rioSegunda \u2013 Sexta8:00AM-17:00PM PST Preencha os campos para podermos entrar em contato<\/p>\n","protected":false},"author":1,"featured_media":0,"parent":0,"menu_order":0,"comment_status":"open","ping_status":"closed","template":"","meta":{"_kad_post_transparent":"enable","_kad_post_title":"hide","_kad_post_layout":"fullwidth","_kad_post_sidebar_id":"","_kad_post_content_style":"unboxed","_kad_post_vertical_padding":"hide","_kad_post_feature":"","_kad_post_feature_position":"","_kad_post_header":false,"_kad_post_footer":false,"_kad_post_classname":"","footnotes":""},"class_list":["post-1455","page","type-page","status-publish","hentry"],"_links":{"self":[{"href":"https:\/\/edilenio.tieduca.com\/stage_edilenio\/wp-json\/wp\/v2\/pages\/1455","targetHints":{"allow":["GET"]}}],"collection":[{"href":"https:\/\/edilenio.tieduca.com\/stage_edilenio\/wp-json\/wp\/v2\/pages"}],"about":[{"href":"https:\/\/edilenio.tieduca.com\/stage_edilenio\/wp-json\/wp\/v2\/types\/page"}],"author":[{"embeddable":true,"href":"https:\/\/edilenio.tieduca.com\/stage_edilenio\/wp-json\/wp\/v2\/users\/1"}],"replies":[{"embeddable":true,"href":"https:\/\/edilenio.tieduca.com\/stage_edilenio\/wp-json\/wp\/v2\/comments?post=1455"}],"version-history":[{"count":18,"href":"https:\/\/edilenio.tieduca.com\/stage_edilenio\/wp-json\/wp\/v2\/pages\/1455\/revisions"}],"predecessor-version":[{"id":2991,"href":"https:\/\/edilenio.tieduca.com\/stage_edilenio\/wp-json\/wp\/v2\/pages\/1455\/revisions\/2991"}],"wp:attachment":[{"href":"https:\/\/edilenio.tieduca.com\/stage_edilenio\/wp-json\/wp\/v2\/media?parent=1455"}],"curies":[{"name":"wp","href":"https:\/\/api.w.org\/{rel}","templated":true}]}}